{"id":9,"date":"2015-05-09T10:56:31","date_gmt":"2015-05-09T10:56:31","guid":{"rendered":"http:\/\/smkulisse.com\/wp\/?page_id=9"},"modified":"2018-10-07T06:58:49","modified_gmt":"2018-10-07T06:58:49","slug":"hausordnung","status":"publish","type":"page","link":"https:\/\/smkulisse.com\/index.php\/hausordnung\/","title":{"rendered":"Hausordnung"},"content":{"rendered":"<p><span style=\"font-size: 21px;\">Die Hausordnung<\/span><\/p>\n<p><strong>Vorwort:<\/strong><br \/>\nDas Team der SM Kulisse ist stets bem\u00fcht Euch ein perfekter und hilfsbereiter Gastgeber zu sein und ist \u00fcberzeugt, dass Ihr Euch wie G\u00e4ste benehmen werdet. Ein paar Punkte wollen wir hier trotzdem ansprechen&#8230;<\/p>\n<p><strong>\u00a71: Berechtigte Personen<\/strong><br \/>\nDer Zutritt ist ausnahmslos nur vollj\u00e4hrigen Personen erlaubt. Minderj\u00e4hrige bzw. Jugendliche haben auch im Beisein des Erziehungsberechtigten keinen Zutritt. Der Vermieter beh\u00e4lt sich das Recht vor bei Unklarheiten die Vorlage eines Lichtbildausweises zu verlangen. Die Mitnahme von Tieren ist ebenfalls untersagt. Jeder der anwesenden Personen muss das aus eigenem Willen tun.<\/p>\n<p><strong>\u00a72: Verrechnung<\/strong><br \/>\nDie Mietgeb\u00fchr wird beim Betreten des Objektes bei einem unserer Mitarbeiter in bar bezahlt. Im Falle von spontanen Verl\u00e4ngerungen wird der zus\u00e4tzliche Betrag bei der R\u00fcckgabe bezahlt. Die reservierten Zeiten sind einzuhalten!<\/p>\n<p><strong>\u00a73: Nutzung<\/strong><br \/>\nIm Prinzip gilt die Regel &#8222;Sane &#8211; Safe &#8211; Consensual&#8220; (&#8222;Vern\u00fcnftig &#8211; Sicher &#8211; Einvernehmlich&#8220;).<br \/>\nEs d\u00fcrfen allerdings keine Handlungen vorgenommen werden, die gegen geltendes \u00f6sterreichisches Recht bzw. dem Willen einer- oder mehrerer der teilnehmenden Personen versto\u00dfen. Handlungen in Sachen Prostitution, Drogenkonsum, Sodomie oder P\u00e4dophilie werden polizeilich zur Anzeige gebracht und mit lebenslangem Hausverbot geahndet. Das Aufh\u00e4ngen von Personen hat ausschlie\u00dflich an Armen und\/oder Beinen zu erfolgen. Die mit &#8222;Privat&#8220; gekennzeichneten Abteile sind nicht Gegenstand der Vermietung.<\/p>\n<p><strong>\u00a74: Verhalten w\u00e4hrend der Nutzung<\/strong><br \/>\nWir w\u00fcrden Euch bitten nicht in Fetischkleidung zur Kulisse zu kommen, sondern Euch im Lokal umzuziehen. Es wird gebeten unn\u00f6tiges L\u00e4rmen zu unterlassen und sich w\u00e4hrend der Mietdauer im Objekt aufzuhalten (nicht vor der T\u00fcre bzw. im Hof). Das Rauchen ist in der Kulisse erlaubt. Der Lautst\u00e4rkepegel der beigestellten Musikanlage sollte sich auch auf Zimmerlautst\u00e4rkeniveau bewegen.<\/p>\n<p>Bei Benutzung der beigestellten Toys sind diese mit einem Kondom zu versehen. Nach der Benutzung bitten wir Euch die gebrauchten Toys in einen der roten Beh\u00e4lter auf den Spielzeugw\u00e4gen zu geben, damit wir uns um eine ordnungsgem\u00e4\u00dfe Desinfizierung k\u00fcmmern k\u00f6nnen.<\/p>\n<p>Wenn Ihr nackt (oder in Latexkleidung) seid, benutzt bitte ein Handtuch f\u00fcr Eure Sitzgelegenheiten, so wie Ihr es in einer Sauna auch tun w\u00fcrdet. NS\/KV bitte nur im Badezimmer und mit selbstst\u00e4ndiger Reinigung der \u00dcberreste.<br \/>\nWachsspiele bitte nur auf speziellen Unterlagen.<\/p>\n<p>Der Mieter haftet f\u00fcr s\u00e4mtliche mutwilligen Besch\u00e4digungen der R\u00e4umlichkeit und deren Ausstattung. Bei Auftreten von Besch\u00e4digungen sind diese unverz\u00fcglich dem Vermieter zu melden. S\u00e4mtliche Ausstattung ist Eigentum der SM Kulisse und ist auch dementsprechend zu behandeln. Jeglicher Diebstahl wird zur Anzeige gebracht!<\/p>\n<p>Bitte nicht mit High Heels bzw. Stilettoabs\u00e4tzen auf der Matratze stehen. Der Latex Bezug wird dadurch kaputt.<\/p>\n<p><strong>\u00a75: Haftung<\/strong><br \/>\nDie Benutzung der R\u00e4umlichkeiten und den darin enthaltenen M\u00f6beln, Ger\u00e4ten und Toys erfolgt auf eigene Gefahr.<br \/>\nF\u00fcr strafrechtlich relevante Handlungen der G\u00e4ste kann keinerlei Haftung erfolgen.<br \/>\nWir lehnen jede Verantwortung f\u00fcr gesundheitsgef\u00e4hrdende Behandlungen innerhalb der SM Kulisse ab.<\/p>\n","protected":false},"excerpt":{"rendered":"<p>Die Hausordnung Vorwort: Das Team der SM Kulisse ist stets bem\u00fcht Euch ein perfekter und hilfsbereiter Gastgeber zu sein und ist \u00fcberzeugt, dass Ihr Euch wie G\u00e4ste benehmen werdet. Ein paar Punkte wollen wir hier trotzdem ansprechen&#8230; \u00a71: Berechtigte Personen Der Zutritt ist ausnahmslos nur vollj\u00e4hrigen Personen erlaubt. Minderj\u00e4hrige bzw. Jugendliche haben auch im Beisein&#8230;<\/p>\n","protected":false},"author":1,"featured_media":0,"parent":0,"menu_order":0,"comment_status":"closed","ping_status":"open","template":"","meta":{"_exactmetrics_skip_tracking":false,"_exactmetrics_sitenote_active":false,"_exactmetrics_sitenote_note":"","_exactmetrics_sitenote_category":0,"footnotes":""},"class_list":["post-9","page","type-page","status-publish","hentry"],"_links":{"self":[{"href":"https:\/\/smkulisse.com\/index.php\/wp-json\/wp\/v2\/pages\/9","targetHints":{"allow":["GET"]}}],"collection":[{"href":"https:\/\/smkulisse.com\/index.php\/wp-json\/wp\/v2\/pages"}],"about":[{"href":"https:\/\/smkulisse.com\/index.php\/wp-json\/wp\/v2\/types\/page"}],"author":[{"embeddable":true,"href":"https:\/\/smkulisse.com\/index.php\/wp-json\/wp\/v2\/users\/1"}],"replies":[{"embeddable":true,"href":"https:\/\/smkulisse.com\/index.php\/wp-json\/wp\/v2\/comments?post=9"}],"version-history":[{"count":10,"href":"https:\/\/smkulisse.com\/index.php\/wp-json\/wp\/v2\/pages\/9\/revisions"}],"predecessor-version":[{"id":322,"href":"https:\/\/smkulisse.com\/index.php\/wp-json\/wp\/v2\/pages\/9\/revisions\/322"}],"wp:attachment":[{"href":"https:\/\/smkulisse.com\/index.php\/wp-json\/wp\/v2\/media?parent=9"}],"curies":[{"name":"wp","href":"https:\/\/api.w.org\/{rel}","templated":true}]}}