{"id":7,"date":"2015-05-09T10:55:43","date_gmt":"2015-05-09T10:55:43","guid":{"rendered":"http:\/\/smkulisse.com\/wp\/?page_id=7"},"modified":"2024-08-26T07:49:13","modified_gmt":"2024-08-26T07:49:13","slug":"ausstattung","status":"publish","type":"page","link":"https:\/\/smkulisse.com\/index.php\/ausstattung\/","title":{"rendered":"Ausstattung"},"content":{"rendered":"<p><span style=\"font-size: 21px;\">Welche Ausstattung steht zur Verf\u00fcgung?<\/span><\/p>\n<p>Die Kulisse bietet eine Vielzahl von (Un)Bequemlichkeiten.<\/p>\n<p>Unter anderem auch&#8230;<\/p>\n<p>-) Original <strong>Sybian<\/strong>, der st\u00e4rkste Vibrator der Welt mit vielen verschiedenen Aufs\u00e4tzen<br \/>\n-) <strong>Hitachi Magic Wand<\/strong> Vibrator mit Adapter zur Montage auf unserer Fickmaschine<br \/>\n-) Heavy Duty<strong> Bondage Bed<\/strong> mit strapazierf\u00e4higem Bezug, vielen Fixier\u00f6sen und integriertem <strong>Fu\u00dfpranger<\/strong> und gr\u00f6\u00dfenverstellbaren Handfesseln.<br \/>\n-) <strong>Streckbank<\/strong> mit Bondage Board und Fickmaschinenhalterung. Aufklappbare Ausschnitte f\u00fcr Brust- und Genitalbereich. Zus\u00e4tzlicher Fu\u00df- und Zehenpranger f\u00fcr Kitzelfolter\/Bastinado. Stylefetish\u2122 Studioqualit\u00e4t.<br \/>\n-) <strong>Strafbock &#8222;Hellcat Phase II&#8220;<\/strong> mit gr\u00f6\u00dfenverstellbaren Fesseln in Stylefetish\u2122 Studioqualit\u00e4t.<br \/>\n-) <strong>XXL Edelstahlk\u00e4fig<\/strong> mit Rollen. Nassraumtauglich in Stylefetish\u2122 Studioqualit\u00e4t.<br \/>\n-) <strong>Puppycage<\/strong> mit Halspranger in Stylefetish\u2122 Studioqualit\u00e4t.<br \/>\n-) <strong>Bondagechair<\/strong> im 90\u00b0 Design zur sitzenden Fixierung mit weit gespreizten Beinen<br \/>\n-) Gem\u00fctlicher <strong>Thron<\/strong> um das Sklavenvolk im Auge zu behalten<br \/>\n-) <strong>Andreaskreuz<\/strong> mit ausreichend \u00d6sen f\u00fcr eine perfekte Fixierung<br \/>\n-) Heavy Duty <strong>Motorkran<\/strong> mit Fernbedienung und NOT-AUS Taste. Pranger- oder Querbalkenaufsatz verf\u00fcgbar.<br \/>\n-) <strong>Fickmaschine<\/strong> mit 15kg Bodenst\u00e4nder und mehreren verschiedenen Aufs\u00e4tzen in Stylefetish\u2122 Studioqualit\u00e4t.<br \/>\n-) Authentischer <strong>Gynostuhl<\/strong> mit vielen Verstell- und Fixierm\u00f6glichkeiten in Stylefetish\u2122 Studioqualit\u00e4t.<br \/>\n-) <strong>Sklaventoilette<\/strong> aus Plexiglas in Stylefetish\u2122 Studioqualit\u00e4t gefertigt<br \/>\n-) Offene <strong>Dusche<\/strong> mit Bondage M\u00f6glichkeit<br \/>\n-) Offenes <strong>WC<\/strong> Bondage M\u00f6glichkeit<br \/>\n-) Zwei <strong>Rollwagen<\/strong> gut best\u00fcckt mit Toys, Desinfektionsmittel, K\u00fcchenrolle, Latexhandschuhen und vielen kleinen Gemeinheiten<br \/>\n-) Ein <strong>Rollwagen<\/strong> f\u00fcr Eure mitgebrachten Toys und Utensilien<br \/>\n-) <strong>Ketten &amp; Karabiner<\/strong> in verschiedenen St\u00e4rken und L\u00e4ngen<br \/>\n-) Ledermanschetten und andere Fesselutensilien f\u00fcr Neueinsteiger ohne eigenem &#8222;Spielkoffer&#8220;<br \/>\n-) Gem\u00fctliche <strong>Ledergarnitur<\/strong> zur Einstimmung oder zum Ausklang der Session<br \/>\n-) <strong>HiFi<\/strong> Microanlage f\u00fcr CDs oder USB Medien<br \/>\n-) Bluetooth Lautsprecher f\u00fcr einfaches Streaming vom Handy<br \/>\n-) <strong>Nespresso\u2122<\/strong> Espressomaschine<br \/>\n-) <strong>K\u00fchlschrank<\/strong> gef\u00fcllt sowohl mit alkoholischen, als auch mit antialkoholischen Getr\u00e4nken<br \/>\n-) Hygieneartikel wie Duschgel, Hand- und Badet\u00fccher, etc<br \/>\n-) Kondome zur freien Entnahme. Safety first!<br \/>\n-) Verschiedene Halterungen f\u00fcr GoPro Kameras (<span style=\"text-decoration: underline;\">Kameras sind selbst mitzubringen<\/span>)<\/p>\n","protected":false},"excerpt":{"rendered":"<p>Welche Ausstattung steht zur Verf\u00fcgung? Die Kulisse bietet eine Vielzahl von (Un)Bequemlichkeiten. Unter anderem auch&#8230; -) Original Sybian, der st\u00e4rkste Vibrator der Welt mit vielen verschiedenen Aufs\u00e4tzen -) Hitachi Magic Wand Vibrator mit Adapter zur Montage auf unserer Fickmaschine -) Heavy Duty Bondage Bed mit strapazierf\u00e4higem Bezug, vielen Fixier\u00f6sen und integriertem Fu\u00dfpranger und gr\u00f6\u00dfenverstellbaren Handfesseln&#8230;.<\/p>\n","protected":false},"author":1,"featured_media":0,"parent":0,"menu_order":0,"comment_status":"closed","ping_status":"open","template":"","meta":{"_exactmetrics_skip_tracking":false,"_exactmetrics_sitenote_active":false,"_exactmetrics_sitenote_note":"","_exactmetrics_sitenote_category":0,"footnotes":""},"class_list":["post-7","page","type-page","status-publish","hentry"],"_links":{"self":[{"href":"https:\/\/smkulisse.com\/index.php\/wp-json\/wp\/v2\/pages\/7","targetHints":{"allow":["GET"]}}],"collection":[{"href":"https:\/\/smkulisse.com\/index.php\/wp-json\/wp\/v2\/pages"}],"about":[{"href":"https:\/\/smkulisse.com\/index.php\/wp-json\/wp\/v2\/types\/page"}],"author":[{"embeddable":true,"href":"https:\/\/smkulisse.com\/index.php\/wp-json\/wp\/v2\/users\/1"}],"replies":[{"embeddable":true,"href":"https:\/\/smkulisse.com\/index.php\/wp-json\/wp\/v2\/comments?post=7"}],"version-history":[{"count":18,"href":"https:\/\/smkulisse.com\/index.php\/wp-json\/wp\/v2\/pages\/7\/revisions"}],"predecessor-version":[{"id":471,"href":"https:\/\/smkulisse.com\/index.php\/wp-json\/wp\/v2\/pages\/7\/revisions\/471"}],"wp:attachment":[{"href":"https:\/\/smkulisse.com\/index.php\/wp-json\/wp\/v2\/media?parent=7"}],"curies":[{"name":"wp","href":"https:\/\/api.w.org\/{rel}","templated":true}]}}