{"id":11,"date":"2015-05-09T10:57:11","date_gmt":"2015-05-09T10:57:11","guid":{"rendered":"http:\/\/smkulisse.com\/wp\/?page_id=11"},"modified":"2022-06-27T07:32:58","modified_gmt":"2022-06-27T07:32:58","slug":"preise","status":"publish","type":"page","link":"https:\/\/smkulisse.com\/index.php\/preise\/","title":{"rendered":"Preise"},"content":{"rendered":"<p><span style=\"font-size: 21px;\">Preise f\u00fcr die R\u00e4umlichkeiten<\/span><\/p>\n<p><strong>Standard Paket (12h): \u20ac 349,-<\/strong><\/p>\n<p>Kleines Paket (bis max. 2h): \u20ac 299,-<\/p>\n<p>Im Preis ist die Benutzung der beigestellten Toys und Ger\u00e4te, Getr\u00e4nke im K\u00fchlschrank, Kaffee, Handt\u00fccher und die Endreinigung inkl. gr\u00fcndlicher Desinfizierung enthalten.<br \/>\nDie Preise beziehen sich f\u00fcr den Raum, nicht pro Person (max. 6 Personen).<\/p>\n<p>Stornos bis 48h vorab kostenlos, Stornogeb\u00fchr bei kurzfristigen Stornos (24h) 100%.<\/p>\n<p>Spezielle Konditionen f\u00fcr Stammkunden, Transferdienste, etc. bitte bei uns anfragen.<\/p>\n","protected":false},"excerpt":{"rendered":"<p>Preise f\u00fcr die R\u00e4umlichkeiten Standard Paket (12h): \u20ac 349,- Kleines Paket (bis max. 2h): \u20ac 299,- Im Preis ist die Benutzung der beigestellten Toys und Ger\u00e4te, Getr\u00e4nke im K\u00fchlschrank, Kaffee, Handt\u00fccher und die Endreinigung inkl. gr\u00fcndlicher Desinfizierung enthalten. Die Preise beziehen sich f\u00fcr den Raum, nicht pro Person (max. 6 Personen). Stornos bis 48h vorab&#8230;<\/p>\n","protected":false},"author":1,"featured_media":0,"parent":0,"menu_order":0,"comment_status":"closed","ping_status":"open","template":"","meta":{"_exactmetrics_skip_tracking":false,"_exactmetrics_sitenote_active":false,"_exactmetrics_sitenote_note":"","_exactmetrics_sitenote_category":0,"footnotes":""},"class_list":["post-11","page","type-page","status-publish","hentry"],"_links":{"self":[{"href":"https:\/\/smkulisse.com\/index.php\/wp-json\/wp\/v2\/pages\/11","targetHints":{"allow":["GET"]}}],"collection":[{"href":"https:\/\/smkulisse.com\/index.php\/wp-json\/wp\/v2\/pages"}],"about":[{"href":"https:\/\/smkulisse.com\/index.php\/wp-json\/wp\/v2\/types\/page"}],"author":[{"embeddable":true,"href":"https:\/\/smkulisse.com\/index.php\/wp-json\/wp\/v2\/users\/1"}],"replies":[{"embeddable":true,"href":"https:\/\/smkulisse.com\/index.php\/wp-json\/wp\/v2\/comments?post=11"}],"version-history":[{"count":11,"href":"https:\/\/smkulisse.com\/index.php\/wp-json\/wp\/v2\/pages\/11\/revisions"}],"predecessor-version":[{"id":437,"href":"https:\/\/smkulisse.com\/index.php\/wp-json\/wp\/v2\/pages\/11\/revisions\/437"}],"wp:attachment":[{"href":"https:\/\/smkulisse.com\/index.php\/wp-json\/wp\/v2\/media?parent=11"}],"curies":[{"name":"wp","href":"https:\/\/api.w.org\/{rel}","templated":true}]}}